{"id":1674,"date":"2016-06-01T20:32:09","date_gmt":"2016-06-01T18:32:09","guid":{"rendered":"https:\/\/www.maisondelaculture-amiens.com\/en\/accueil\/"},"modified":"2021-12-21T17:32:57","modified_gmt":"2021-12-21T16:32:57","slug":"accueil","status":"publish","type":"page","link":"https:\/\/www.maisondelaculture-amiens.com\/en\/","title":{"rendered":"Accueil"},"content":{"rendered":"","protected":false},"excerpt":{"rendered":"","protected":false},"author":1,"featured_media":0,"parent":0,"menu_order":-100,"comment_status":"closed","ping_status":"closed","template":"","meta":{"_acf_changed":false,"footnotes":""},"class_list":["post-1674","page","type-page","status-publish","hentry"],"acf":[],"yoast_head":"<!-- This site is optimized with the Yoast SEO plugin v27.2 - https:\/\/yoast.com\/product\/yoast-seo-wordpress\/ -->\n<title>Accueil &#8212; Maison de la Culture d\u2019Amiens<\/title>\n<meta name=\"description\" content=\"La Maison de la culture d&#039;Amiens est un p\u00f4le europ\u00e9en de cr\u00e9ation, de production et de diffusion artistiques et culturelles situ\u00e9 \u00e0 Amiens.\" \/>\n<meta name=\"robots\" content=\"index, follow, max-snippet:-1, max-image-preview:large, max-video-preview:-1\" \/>\n<link rel=\"canonical\" href=\"https:\/\/www.maisondelaculture-amiens.com\/en\/\" \/>\n<meta property=\"og:locale\" content=\"en_US\" \/>\n<meta property=\"og:type\" content=\"article\" \/>\n<meta property=\"og:title\" content=\"Accueil &#8212; Maison de la Culture d\u2019Amiens\" \/>\n<meta property=\"og:description\" content=\"La Maison de la culture d&#039;Amiens est un p\u00f4le europ\u00e9en de cr\u00e9ation, de production et de diffusion artistiques et culturelles situ\u00e9 \u00e0 Amiens.\" \/>\n<meta property=\"og:url\" content=\"https:\/\/www.maisondelaculture-amiens.com\/en\/\" \/>\n<meta property=\"og:site_name\" content=\"Maison de la Culture d\u2019Amiens\" \/>\n<meta property=\"article:modified_time\" content=\"2021-12-21T16:32:57+00:00\" \/>\n<meta name=\"twitter:label1\" content=\"Est. reading time\" \/>\n\t<meta name=\"twitter:data1\" content=\"17 minutes\" \/>\n<script type=\"application\/ld+json\" class=\"yoast-schema-graph\">{\"@context\":\"https:\/\/schema.org\",\"@graph\":[{\"@type\":\"WebPage\",\"@id\":\"https:\/\/www.maisondelaculture-amiens.com\/en\/\",\"url\":\"https:\/\/www.maisondelaculture-amiens.com\/en\/\",\"name\":\"Accueil &#8212; Maison de la Culture d\u2019Amiens\",\"isPartOf\":{\"@id\":\"https:\/\/www.maisondelaculture-amiens.com\/#website\"},\"datePublished\":\"2016-06-01T18:32:09+00:00\",\"dateModified\":\"2021-12-21T16:32:57+00:00\",\"description\":\"La Maison de la culture d'Amiens est un p\u00f4le europ\u00e9en de cr\u00e9ation, de production et de diffusion artistiques et culturelles situ\u00e9 \u00e0 Amiens.\",\"breadcrumb\":{\"@id\":\"https:\/\/www.maisondelaculture-amiens.com\/en\/#breadcrumb\"},\"inLanguage\":\"en-US\",\"potentialAction\":[{\"@type\":\"ReadAction\",\"target\":[\"https:\/\/www.maisondelaculture-amiens.com\/en\/\"]}]},{\"@type\":\"BreadcrumbList\",\"@id\":\"https:\/\/www.maisondelaculture-amiens.com\/en\/#breadcrumb\",\"itemListElement\":[{\"@type\":\"ListItem\",\"position\":1,\"name\":\"Accueil\",\"item\":\"https:\/\/www.maisondelaculture-amiens.com\/en\/\"},{\"@type\":\"ListItem\",\"position\":2,\"name\":\"Accueil\"}]},{\"@type\":\"WebSite\",\"@id\":\"https:\/\/www.maisondelaculture-amiens.com\/#website\",\"url\":\"https:\/\/www.maisondelaculture-amiens.com\/\",\"name\":\"Maison de la Culture d\u2019Amiens\",\"description\":\"Centre europ\u00e9en de cr\u00e9ation et de production\",\"potentialAction\":[{\"@type\":\"SearchAction\",\"target\":{\"@type\":\"EntryPoint\",\"urlTemplate\":\"https:\/\/www.maisondelaculture-amiens.com\/?s={search_term_string}\"},\"query-input\":{\"@type\":\"PropertyValueSpecification\",\"valueRequired\":true,\"valueName\":\"search_term_string\"}}],\"inLanguage\":\"en-US\"}]}<\/script>\n<!-- \/ Yoast SEO plugin. -->","yoast_head_json":{"title":"Accueil &#8212; Maison de la Culture d\u2019Amiens","description":"La Maison de la culture d'Amiens est un p\u00f4le europ\u00e9en de cr\u00e9ation, de production et de diffusion artistiques et culturelles situ\u00e9 \u00e0 Amiens.","robots":{"index":"index","follow":"follow","max-snippet":"max-snippet:-1","max-image-preview":"max-image-preview:large","max-video-preview":"max-video-preview:-1"},"canonical":"https:\/\/www.maisondelaculture-amiens.com\/en\/","og_locale":"en_US","og_type":"article","og_title":"Accueil &#8212; Maison de la Culture d\u2019Amiens","og_description":"La Maison de la culture d'Amiens est un p\u00f4le europ\u00e9en de cr\u00e9ation, de production et de diffusion artistiques et culturelles situ\u00e9 \u00e0 Amiens.","og_url":"https:\/\/www.maisondelaculture-amiens.com\/en\/","og_site_name":"Maison de la Culture d\u2019Amiens","article_modified_time":"2021-12-21T16:32:57+00:00","twitter_misc":{"Est. reading time":"17 minutes"},"schema":{"@context":"https:\/\/schema.org","@graph":[{"@type":"WebPage","@id":"https:\/\/www.maisondelaculture-amiens.com\/en\/","url":"https:\/\/www.maisondelaculture-amiens.com\/en\/","name":"Accueil &#8212; Maison de la Culture d\u2019Amiens","isPartOf":{"@id":"https:\/\/www.maisondelaculture-amiens.com\/#website"},"datePublished":"2016-06-01T18:32:09+00:00","dateModified":"2021-12-21T16:32:57+00:00","description":"La Maison de la culture d'Amiens est un p\u00f4le europ\u00e9en de cr\u00e9ation, de production et de diffusion artistiques et culturelles situ\u00e9 \u00e0 Amiens.","breadcrumb":{"@id":"https:\/\/www.maisondelaculture-amiens.com\/en\/#breadcrumb"},"inLanguage":"en-US","potentialAction":[{"@type":"ReadAction","target":["https:\/\/www.maisondelaculture-amiens.com\/en\/"]}]},{"@type":"BreadcrumbList","@id":"https:\/\/www.maisondelaculture-amiens.com\/en\/#breadcrumb","itemListElement":[{"@type":"ListItem","position":1,"name":"Accueil","item":"https:\/\/www.maisondelaculture-amiens.com\/en\/"},{"@type":"ListItem","position":2,"name":"Accueil"}]},{"@type":"WebSite","@id":"https:\/\/www.maisondelaculture-amiens.com\/#website","url":"https:\/\/www.maisondelaculture-amiens.com\/","name":"Maison de la Culture d\u2019Amiens","description":"Centre europ\u00e9en de cr\u00e9ation et de production","potentialAction":[{"@type":"SearchAction","target":{"@type":"EntryPoint","urlTemplate":"https:\/\/www.maisondelaculture-amiens.com\/?s={search_term_string}"},"query-input":{"@type":"PropertyValueSpecification","valueRequired":true,"valueName":"search_term_string"}}],"inLanguage":"en-US"}]}},"_links":{"self":[{"href":"https:\/\/www.maisondelaculture-amiens.com\/en\/wp-json\/wp\/v2\/pages\/1674","targetHints":{"allow":["GET"]}}],"collection":[{"href":"https:\/\/www.maisondelaculture-amiens.com\/en\/wp-json\/wp\/v2\/pages"}],"about":[{"href":"https:\/\/www.maisondelaculture-amiens.com\/en\/wp-json\/wp\/v2\/types\/page"}],"author":[{"embeddable":true,"href":"https:\/\/www.maisondelaculture-amiens.com\/en\/wp-json\/wp\/v2\/users\/1"}],"replies":[{"embeddable":true,"href":"https:\/\/www.maisondelaculture-amiens.com\/en\/wp-json\/wp\/v2\/comments?post=1674"}],"version-history":[{"count":755,"href":"https:\/\/www.maisondelaculture-amiens.com\/en\/wp-json\/wp\/v2\/pages\/1674\/revisions"}],"predecessor-version":[{"id":21304,"href":"https:\/\/www.maisondelaculture-amiens.com\/en\/wp-json\/wp\/v2\/pages\/1674\/revisions\/21304"}],"wp:attachment":[{"href":"https:\/\/www.maisondelaculture-amiens.com\/en\/wp-json\/wp\/v2\/media?parent=1674"}],"curies":[{"name":"wp","href":"https:\/\/api.w.org\/{rel}","templated":true}]}}